{"id":2615,"date":"2018-03-31T05:53:27","date_gmt":"2018-03-31T05:53:27","guid":{"rendered":"http:\/\/ranbron.bolvo.com\/?page_id=2615"},"modified":"2025-11-05T18:05:06","modified_gmt":"2025-11-05T18:05:06","slug":"home-2","status":"publish","type":"page","link":"https:\/\/enescil.com.br\/","title":{"rendered":"P\u00e1gina Inicial"},"content":{"rendered":"<div class=\"wpb-content-wrapper\"><p>[vc_row full_width=&#8221;stretch_row_content_no_spaces&#8221;][vc_column]\n\t\t\t<!-- START slider1 REVOLUTION SLIDER 6.7.18 --><p class=\"rs-p-wp-fix\"><\/p>\n\t\t\t<rs-module-wrap id=\"rev_slider_1_1_wrapper\" data-source=\"gallery\" style=\"visibility:hidden;background:transparent;padding:0;margin:0px auto;margin-top:0;margin-bottom:0;\">\n\t\t\t\t<rs-module id=\"rev_slider_1_1\" style=\"\" data-version=\"6.7.18\">\n\t\t\t\t\t<rs-slides style=\"overflow: hidden; position: absolute;\">\n\t\t\t\t\t\t<rs-slide style=\"position: absolute;\" data-key=\"rs-4\" data-title=\"Slide\" data-thumb=\"\/\/enescil.com.br\/wp-content\/uploads\/2022\/04\/shutterstock_38164927-Home_Site-scaled-100x50.jpeg\" data-anim=\"adpr:false;\" data-in=\"o:0;\" data-out=\"a:false;\">\n\t\t\t\t\t\t\t<img decoding=\"async\" src=\"\/\/enescil.com.br\/wp-content\/plugins\/revslider\/sr6\/assets\/assets\/dummy.png\" alt=\"\" title=\"_shutterstock_38164927-Home_Site\" width=\"2560\" height=\"1707\" class=\"rev-slidebg tp-rs-img rs-lazyload\" data-lazyload=\"\/\/enescil.com.br\/wp-content\/uploads\/2022\/04\/shutterstock_38164927-Home_Site-scaled.jpeg\" data-no-retina>\n<!---->\t\t\t\t\t<\/rs-slide>\n\t\t\t\t\t\t<rs-slide style=\"position: absolute;\" data-key=\"rs-5\" data-title=\"Slide\" data-thumb=\"\/\/enescil.com.br\/wp-content\/uploads\/2022\/04\/Opcao_01-scaled-100x50.jpg\" data-anim=\"adpr:false;\" data-in=\"o:0;\" data-out=\"a:false;\">\n\t\t\t\t\t\t\t<img decoding=\"async\" src=\"\/\/enescil.com.br\/wp-content\/plugins\/revslider\/sr6\/assets\/assets\/dummy.png\" alt=\"\" title=\"Opcao_01\" width=\"2560\" height=\"1138\" class=\"rev-slidebg tp-rs-img rs-lazyload\" data-lazyload=\"\/\/enescil.com.br\/wp-content\/uploads\/2022\/04\/Opcao_01-scaled.jpg\" data-no-retina>\n<!---->\t\t\t\t\t<\/rs-slide>\n\t\t\t\t\t\t<rs-slide style=\"position: absolute;\" data-key=\"rs-6\" data-title=\"Slide\" data-thumb=\"\/\/enescil.com.br\/wp-content\/uploads\/2022\/04\/shutterstock_155728031-scaled-100x50.jpg\" data-anim=\"adpr:false;\" data-in=\"o:0;\" data-out=\"a:false;\">\n\t\t\t\t\t\t\t<img decoding=\"async\" src=\"\/\/enescil.com.br\/wp-content\/plugins\/revslider\/sr6\/assets\/assets\/dummy.png\" alt=\"\" title=\"The,Octavio,Frias,De,Oliveira,Bridge,Is,A,Cable-stayed,Bridge\" width=\"2560\" height=\"1707\" class=\"rev-slidebg tp-rs-img rs-lazyload\" data-lazyload=\"\/\/enescil.com.br\/wp-content\/uploads\/2022\/04\/shutterstock_155728031-scaled.jpg\" data-no-retina>\n<!---->\t\t\t\t\t<\/rs-slide>\n\t\t\t\t\t\t<rs-slide style=\"position: absolute;\" data-key=\"rs-7\" data-title=\"Slide\" data-thumb=\"\/\/enescil.com.br\/wp-content\/uploads\/2022\/04\/shutterstock_1043300404-scaled-100x50.jpg\" data-anim=\"adpr:false;\" data-in=\"o:0;\" data-out=\"a:false;\">\n\t\t\t\t\t\t\t<img decoding=\"async\" src=\"\/\/enescil.com.br\/wp-content\/plugins\/revslider\/sr6\/assets\/assets\/dummy.png\" alt=\"\" title=\"Anita,Garibaldi,Bridge,At,Night.\" width=\"2560\" height=\"1696\" class=\"rev-slidebg tp-rs-img rs-lazyload\" data-lazyload=\"\/\/enescil.com.br\/wp-content\/uploads\/2022\/04\/shutterstock_1043300404-scaled.jpg\" data-no-retina>\n<!---->\t\t\t\t\t<\/rs-slide>\n\t\t\t\t\t<\/rs-slides>\n\t\t\t\t<\/rs-module>\n\t\t\t\t<script>\n\t\t\t\t\tsetREVStartSize({c: 'rev_slider_1_1',rl:[1240,1024,778,480],el:[780,620,450,450],gw:[1240,1024,778,480],gh:[780,620,450,450],type:'standard',justify:'',layout:'fullwidth',mh:\"0\"});if (window.RS_MODULES!==undefined && window.RS_MODULES.modules!==undefined && window.RS_MODULES.modules[\"revslider11\"]!==undefined) {window.RS_MODULES.modules[\"revslider11\"].once = false;window.revapi1 = undefined;if (window.RS_MODULES.checkMinimal!==undefined) window.RS_MODULES.checkMinimal()}\n\t\t\t\t<\/script>\n\t\t\t<\/rs-module-wrap>\n\t\t\t<!-- END REVOLUTION SLIDER -->\n[\/vc_column][\/vc_row][vc_row full_width=&#8221;stretch_row&#8221; el_class=&#8221;about-home-two sec-pad&#8221;][vc_column width=&#8221;4\/12&#8243;][vc_empty_space height=&#8221;52px&#8221;][vc_single_image image=&#8221;2886&#8243; img_size=&#8221;full&#8221; alignment=&#8221;center&#8221; css=&#8221;.vc_custom_1649077177985{margin-bottom: 0px !important;}&#8221;][\/vc_column][vc_column width=&#8221;2\/3&#8243; el_class=&#8221;about-content&#8221;][vc_column_text]<\/p>\n<h2>Essa \u00e9 a <strong>Enescil<\/strong><\/h2>\n<p>[\/vc_column_text][vc_column_text]A Enescil foi fundada em janeiro de 1970 na cidade de S\u00e3o Paulo pelos engenheiros J\u00e9thero de Faria Cardoso e Nicolaj Lebedev, com o objetivo de desenvolver projetos estruturais de obras de arte especiais, visando a atingir baixo custo, durabilidade, simplifica\u00e7\u00e3o construtiva e uma melhor est\u00e9tica com boa integra\u00e7\u00e3o com o meio ambiente.[\/vc_column_text][vc_column_text]Em 1976, com a aposentadoria de Nicolaj Lebedev e a admiss\u00e3o do engenheiro Cat\u00e3o Francisco Ribeiro, hoje seu diretor executivo e principal respons\u00e1vel t\u00e9cnico, a Enescil passou a projetar tamb\u00e9m pontes ferrovi\u00e1rias de grande porte e a desenvolver projetos com a intensifica\u00e7\u00e3o do uso de estruturas em concreto pr\u00e9-moldado.[\/vc_column_text][vc_btn title=&#8221;Leia mais &#8230;&#8221; color=&#8221;blue&#8221; link=&#8221;url:https%3A%2F%2Fenescil.com.br%2Fhistoria%2F|title:Hist%C3%B3ria&#8221;][\/vc_column][\/vc_row][vc_row full_width=&#8221;stretch_row&#8221; el_class=&#8221;service-page service-list&#8221; css=&#8221;.vc_custom_1532939384849{padding-bottom: 50px !important;}&#8221;][vc_column][tt_vc_title_shortcode up_title=&#8221;O que fazemos&#8221;]Nossos Projetos[\/tt_vc_title_shortcode][tt_vc_add_content_shortcode posts_per_page=&#8221;33&#8243; post_type=&#8221;tt_portfolio&#8221; orderby=&#8221;rand&#8221; tt_order=&#8221;ASC&#8221; tt_template=&#8221;case_list&#8221; tt_id=&#8221;&#8221;][\/vc_column][\/vc_row][vc_row full_width=&#8221;stretch_row_content_no_spaces&#8221;][vc_column offset=&#8221;vc_hidden-lg vc_hidden-md vc_hidden-sm vc_hidden-xs&#8221;][tt_vc_add_content_shortcode posts_per_page=&#8221;3&#8243; post_type=&#8221;tt_project&#8221; enable_filter=&#8221;true&#8221; enable_all_btn=&#8221;true&#8221; tt_template=&#8221;case_carousel&#8221; case_desc=&#8221;Ipsum is simply text of the stry simply dummy text of the printing and typesetting industry.&#8221;][\/vc_column][\/vc_row][vc_row full_width=&#8221;stretch_row_content_no_spaces&#8221;][vc_column offset=&#8221;vc_hidden-lg vc_hidden-md vc_hidden-sm vc_hidden-xs&#8221;][tt_vc_logo_carousel_shortcode images=&#8221;2628,2629,2630,2631,2632&#8243; img_size=&#8221;full&#8221; onclick=&#8221;link_no&#8221; css=&#8221;.vc_custom_1532939367986{margin-bottom: 0px !important;}&#8221;][\/vc_column][\/vc_row][vc_row full_width=&#8221;stretch_row_content_no_spaces&#8221;][vc_column css=&#8221;.vc_custom_1648929330707{padding-top: 0px !important;}&#8221; offset=&#8221;vc_hidden-lg vc_hidden-md vc_hidden-sm vc_hidden-xs&#8221;][tt_vc_add_content_shortcode post_type=&#8221;tt_testimonial&#8221; tt_template=&#8221;testimonial2&#8243;][\/vc_column][\/vc_row][vc_row full_width=&#8221;stretch_row&#8221; disable_element=&#8221;yes&#8221; el_class=&#8221;fun-fact-area&#8221; css=&#8221;.vc_custom_1648932542036{border-top-width: 1px !important;padding-top: 100px !important;padding-bottom: 90px !important;border-top-color: #e5e5e5 !important;border-top-style: solid !important;}&#8221;][vc_column width=&#8221;1\/4&#8243; css=&#8221;.vc_custom_1648932350179{padding-top: 0px !important;}&#8221; offset=&#8221;vc_hidden-lg vc_hidden-md vc_hidden-sm vc_hidden-xs&#8221;][vc_column_text]<\/p>\n<h3 class=\"title\">Desde<br \/>\n1970<\/h3>\n<p>[\/vc_column_text][\/vc_column][vc_column width=&#8221;1\/4&#8243; css=&#8221;.vc_custom_1648932359380{padding-top: 0px !important;}&#8221; offset=&#8221;vc_hidden-lg vc_hidden-md vc_hidden-sm vc_hidden-xs&#8221;][tt_vc_countdown_shortcode number=&#8221;+4000&#8243; label=&#8221;Projetos&#8221;][\/vc_column][vc_column width=&#8221;1\/4&#8243; css=&#8221;.vc_custom_1648932372377{padding-top: 0px !important;}&#8221; offset=&#8221;vc_hidden-lg vc_hidden-md vc_hidden-sm vc_hidden-xs&#8221;][tt_vc_countdown_shortcode number=&#8221;+60&#8243; label=&#8221;Colaboradores&#8221;][\/vc_column][vc_column width=&#8221;1\/4&#8243; css=&#8221;.vc_custom_1648932386948{padding-top: 0px !important;}&#8221; offset=&#8221;vc_hidden-lg vc_hidden-md vc_hidden-sm vc_hidden-xs&#8221;][tt_vc_countdown_shortcode number=&#8221;+100&#8243; label=&#8221;Publica\u00e7\u00f5es&#8221;][\/vc_column][\/vc_row][vc_row full_width=&#8221;stretch_row&#8221; el_class=&#8221;call-to-action&#8221; css=&#8221;.vc_custom_1648942250028{padding-top: 65px !important;padding-bottom: 90px !important;background-image: url(http:\/\/enescil.com.br\/wp-content\/uploads\/2022\/04\/Capa_Enescil-scaled.jpg?id=2881) !important;}&#8221;][vc_column][vc_column_text]<\/p>\n<h2>N\u00f3s temos a solu\u00e7\u00e3o<br \/>\npara o seu projeto &#8230;<\/h2>\n<p>[\/vc_column_text][vc_column_text]Juntos iremos alcan\u00e7ar o seu objetivo.[\/vc_column_text][vc_column_text]<a class=\"thm-btn\" href=\"\/contato\">Entre em contato<\/a>[\/vc_column_text][\/vc_column][\/vc_row]<\/p>\n<\/div>","protected":false},"excerpt":{"rendered":"<p>[vc_row full_width=&#8221;stretch_row_content_no_spaces&#8221;][vc_column][\/vc_column][\/vc_row][vc_row full_width=&#8221;stretch_row&#8221; el_class=&#8221;about-home-two sec-pad&#8221;][vc_column width=&#8221;4\/12&#8243;][vc_empty_space height=&#8221;52px&#8221;][vc_single_image image=&#8221;2886&#8243; img_size=&#8221;full&#8221; alignment=&#8221;center&#8221; css=&#8221;.vc_custom_1649077177985{margin-bottom: 0px !important;}&#8221;][\/vc_column][vc_column width=&#8221;2\/3&#8243; el_class=&#8221;about-content&#8221;][vc_column_text] Essa \u00e9 a Enescil [\/vc_column_text][vc_column_text]A Enescil foi fundada em janeiro de 1970 na cidade de S\u00e3o Paulo pelos engenheiros J\u00e9thero de Faria Cardoso e Nicolaj Lebedev, com o objetivo de desenvolver projetos estruturais de obras de arte especiais, visando a [&hellip;]<\/p>\n","protected":false},"author":1,"featured_media":0,"parent":0,"menu_order":0,"comment_status":"closed","ping_status":"closed","template":"","meta":{"footnotes":""},"class_list":["post-2615","page","type-page","status-publish","hentry"],"_links":{"self":[{"href":"https:\/\/enescil.com.br\/index.php?rest_route=\/wp\/v2\/pages\/2615","targetHints":{"allow":["GET"]}}],"collection":[{"href":"https:\/\/enescil.com.br\/index.php?rest_route=\/wp\/v2\/pages"}],"about":[{"href":"https:\/\/enescil.com.br\/index.php?rest_route=\/wp\/v2\/types\/page"}],"author":[{"embeddable":true,"href":"https:\/\/enescil.com.br\/index.php?rest_route=\/wp\/v2\/users\/1"}],"replies":[{"embeddable":true,"href":"https:\/\/enescil.com.br\/index.php?rest_route=%2Fwp%2Fv2%2Fcomments&post=2615"}],"version-history":[{"count":33,"href":"https:\/\/enescil.com.br\/index.php?rest_route=\/wp\/v2\/pages\/2615\/revisions"}],"predecessor-version":[{"id":3350,"href":"https:\/\/enescil.com.br\/index.php?rest_route=\/wp\/v2\/pages\/2615\/revisions\/3350"}],"wp:attachment":[{"href":"https:\/\/enescil.com.br\/index.php?rest_route=%2Fwp%2Fv2%2Fmedia&parent=2615"}],"curies":[{"name":"wp","href":"https:\/\/api.w.org\/{rel}","templated":true}]}}