{"id":2315,"date":"2018-01-16T10:11:37","date_gmt":"2018-01-16T10:11:37","guid":{"rendered":"http:\/\/ranbron.bolvo.com\/?page_id=2315"},"modified":"2022-04-04T17:59:37","modified_gmt":"2022-04-04T17:59:37","slug":"historia","status":"publish","type":"page","link":"https:\/\/enescil.com.br\/?page_id=2315","title":{"rendered":"Hist\u00f3ria"},"content":{"rendered":"<div class=\"wpb-content-wrapper\"><p>[vc_row full_width=&#8221;stretch_row&#8221; el_class=&#8221;about-section about-page&#8221; css=&#8221;.vc_custom_1531366134122{padding-bottom: 40px !important;}&#8221;][vc_column][tt_vc_title_shortcode up_title=&#8221;Desde 1970&#8243;]Sobre a <strong>Enescil<\/strong>[\/tt_vc_title_shortcode][vc_column_text]A Enescil foi fundada em janeiro de 1970 na cidade de S\u00e3o Paulo pelos engenheiros J\u00e9thero de Faria Cardoso e Nicolaj Lebedev, com o objetivo de desenvolver projetos estruturais de obras de arte especiais, visando a atingir baixo custo, durabilidade, simplifica\u00e7\u00e3o construtiva e uma melhor est\u00e9tica com boa integra\u00e7\u00e3o com o meio ambiente.[\/vc_column_text][vc_column_text]Em 1976, com a aposentadoria de Nicolaj Lebedev e a admiss\u00e3o do engenheiro Cat\u00e3o Francisco Ribeiro, hoje seu diretor executivo e principal respons\u00e1vel t\u00e9cnico, a Enescil passou a projetar tamb\u00e9m pontes ferrovi\u00e1rias de grande porte e a desenvolver projetos com a intensifica\u00e7\u00e3o do uso de estruturas em concreto pr\u00e9-moldado.[\/vc_column_text][vc_column_text]Em 1982, ano em que o engenheiro J\u00e9thero faleceu, a empresa havia elaborado 220 projetos. Para continuar seu crescimento, o engenheiro Cat\u00e3o incluiu na sociedade o engenheiro Jamil Sabino, que expandiu os neg\u00f3cios da empresa, tornando-a reconhecida nacionalmente. Em 1998, a Enescil elaborou seu primeiro projeto de ponte estaiada, a Ponte Esta\u00e7\u00e3o Metrovi\u00e1ria Engenheiro Jamil Sabino, sobre o rio Pinheiros, na cidade de S\u00e3o Paulo, em parceria com a empresa francesa JMI (Jean Muller Internacional), representada no Brasil pelo engenheiro Guy Fr\u00e9mont.[\/vc_column_text][vc_column_text]Em 1999, ano do falecimento do engenheiro Jamil, a Enescil j\u00e1 possuia em seu portif\u00f3lio a autoria de mais de 1200 projetos. Para prosseguir com a expans\u00e3o da empresa, o diretor Cat\u00e3o incluiu na sociedade 10 outros engenheiros, que j\u00e1 trabalhavam na empresa h\u00e1 longo tempo.[\/vc_column_text][vc_column_text]Atualmente, a Enescil mant\u00e9m em seu quadro de colaboradores, os 11 s\u00f3cios engenheiros, 15 funcion\u00e1rios engenheiros, 12 desenhistas projetistas, 7 funcion\u00e1rios administrativos e 15 profissionais terceirizados, reunindo cerca de 60 profissionais especializados. A Enescil j\u00e1 superou a marca de 4000 projetos estruturais e ampliou sua atividades na elabora\u00e7\u00e3o de estudos e projetos de engenharia estrutural. Al\u00e9m de pontes, viadutos e passarelas, projeta tamb\u00e9m t\u00faneis, cais, portos e torres e\u00f3licas de concreto. Entre seus clientes est\u00e3o os mais importantes \u00f3rg\u00e3os p\u00fablicos do pa\u00eds e as maiores e mais destacadas construtoras do Brasil.[\/vc_column_text][vc_column_text]A Enescil mant\u00e9m como meta a busca constante pela qualidade e inova\u00e7\u00e3o criativa, aliadas \u00e0 alta tecnologia no estado da arte e \u00e0 sofistica\u00e7\u00e3o arquitet\u00f4nica,<br \/>\npautando-se permanentemente pela \u00e9tica profissional e pela cont\u00ednua evolu\u00e7\u00e3o tecnol\u00f3gica.[\/vc_column_text][vc_empty_space height=&#8221;30px&#8221;][vc_row_inner][vc_column_inner width=&#8221;1\/3&#8243;][vc_single_image image=&#8221;2871&#8243; img_size=&#8221;full&#8221; alignment=&#8221;center&#8221;][vc_column_text]<\/p>\n<p style=\"text-align: center;\">Cat\u00e3o Francisco Ribeiro<\/p>\n<p>[\/vc_column_text][\/vc_column_inner][vc_column_inner width=&#8221;1\/3&#8243;][vc_single_image image=&#8221;2870&#8243; img_size=&#8221;full&#8221; alignment=&#8221;center&#8221;][vc_column_text]<\/p>\n<p style=\"text-align: center;\">J\u00e9thero de Faria Cardoso<\/p>\n<p>[\/vc_column_text][\/vc_column_inner][vc_column_inner width=&#8221;1\/3&#8243;][vc_single_image image=&#8221;2872&#8243; img_size=&#8221;full&#8221; alignment=&#8221;center&#8221;][vc_column_text]<\/p>\n<p style=\"text-align: center;\">Jamil Sabino<\/p>\n<p>[\/vc_column_text][\/vc_column_inner][\/vc_row_inner][\/vc_column][\/vc_row][vc_row full_width=&#8221;stretch_row&#8221; el_class=&#8221;mission-history-area&#8221; css=&#8221;.vc_custom_1531366187529{padding-bottom: 40px !important;}&#8221;][vc_column width=&#8221;1\/4&#8243;][vc_single_image image=&#8221;2916&#8243; img_size=&#8221;200&#215;40&#8243;][\/vc_column][vc_column width=&#8221;1\/4&#8243;][tt_vc_countdown_shortcode beforenumber=&#8221;+&#8221; number=&#8221;4000&#8243; label=&#8221;Projetos&#8221;][\/vc_column][vc_column width=&#8221;1\/4&#8243;][tt_vc_countdown_shortcode beforenumber=&#8221;+&#8221; number=&#8221;60&#8243; label=&#8221;Colaboradores&#8221;][\/vc_column][vc_column width=&#8221;1\/4&#8243;][tt_vc_countdown_shortcode beforenumber=&#8221;+&#8221; number=&#8221;100&#8243; label=&#8221;Publica\u00e7\u00f5es&#8221;][\/vc_column][\/vc_row]<\/p>\n<\/div>","protected":false},"excerpt":{"rendered":"<p>[vc_row full_width=&#8221;stretch_row&#8221; el_class=&#8221;about-section about-page&#8221; css=&#8221;.vc_custom_1531366134122{padding-bottom: 40px !important;}&#8221;][vc_column][tt_vc_title_shortcode up_title=&#8221;Desde 1970&#8243;]Sobre a Enescil[\/tt_vc_title_shortcode][vc_column_text]A Enescil foi fundada em janeiro de 1970 na cidade de S\u00e3o Paulo pelos engenheiros J\u00e9thero de Faria Cardoso e Nicolaj Lebedev, com o objetivo de desenvolver projetos estruturais de obras de arte especiais, visando a atingir baixo custo, durabilidade, simplifica\u00e7\u00e3o construtiva e uma melhor [&hellip;]<\/p>\n","protected":false},"author":1,"featured_media":0,"parent":0,"menu_order":0,"comment_status":"closed","ping_status":"closed","template":"","meta":{"footnotes":""},"class_list":["post-2315","page","type-page","status-publish","hentry"],"_links":{"self":[{"href":"https:\/\/enescil.com.br\/index.php?rest_route=\/wp\/v2\/pages\/2315","targetHints":{"allow":["GET"]}}],"collection":[{"href":"https:\/\/enescil.com.br\/index.php?rest_route=\/wp\/v2\/pages"}],"about":[{"href":"https:\/\/enescil.com.br\/index.php?rest_route=\/wp\/v2\/types\/page"}],"author":[{"embeddable":true,"href":"https:\/\/enescil.com.br\/index.php?rest_route=\/wp\/v2\/users\/1"}],"replies":[{"embeddable":true,"href":"https:\/\/enescil.com.br\/index.php?rest_route=%2Fwp%2Fv2%2Fcomments&post=2315"}],"version-history":[{"count":13,"href":"https:\/\/enescil.com.br\/index.php?rest_route=\/wp\/v2\/pages\/2315\/revisions"}],"predecessor-version":[{"id":2925,"href":"https:\/\/enescil.com.br\/index.php?rest_route=\/wp\/v2\/pages\/2315\/revisions\/2925"}],"wp:attachment":[{"href":"https:\/\/enescil.com.br\/index.php?rest_route=%2Fwp%2Fv2%2Fmedia&parent=2315"}],"curies":[{"name":"wp","href":"https:\/\/api.w.org\/{rel}","templated":true}]}}